{"id":614,"date":"2024-10-26T01:02:31","date_gmt":"2024-10-25T23:02:31","guid":{"rendered":"https:\/\/bons-it.de\/?page_id=614"},"modified":"2025-04-01T20:44:02","modified_gmt":"2025-04-01T18:44:02","slug":"erklaerung-zur-barrierefreiheit","status":"publish","type":"page","link":"https:\/\/bons-it.de\/?page_id=614","title":{"rendered":"Erkl\u00e4rung zur Barrierefreiheit"},"content":{"rendered":"<p><div class=\"et_d4_element et_pb_section et_pb_section_0  et_pb_css_mix_blend_mode et_section_regular et_block_section\" >\n\t\t\t\t\n\t\t\t\t\n\t\t\t\t\n\t\t\t\t\n\t\t\t\t\n\t\t\t\t\n\t\t\t\t<div class=\"et_d4_element et_pb_row et_pb_row_0  et_pb_css_mix_blend_mode et_block_row\">\n\t\t\t\t<div class=\"et_d4_element et_pb_column_4_4 et_pb_column et_pb_column_0  et_pb_css_mix_blend_mode et-last-child et_block_column\">\n\t\t\t\t\n\t\t\t\t\n\t\t\t\t\n\t\t\t\t\n\t\t\t\t<div class=\"et_pb_module et_d4_element et_pb_text et_pb_text_0  et_pb_text_align_left et_pb_bg_layout_light\">\n\t\t\t\t\n\t\t\t\t\n\t\t\t\t\n\t\t\t\t\n\t\t\t\t<div class=\"et_pb_text_inner\"><h1 class=\"\">Erkl\u00e4rung zur Barrierefreiheit<\/h1><\/div>\n\t\t\t<\/div><div class=\"et_pb_module et_d4_element et_pb_text et_pb_text_1  et_pb_text_align_left et_pb_bg_layout_light\">\n\t\t\t\t\n\t\t\t\t\n\t\t\t\t\n\t\t\t\t\n\t\t\t\t<div class=\"et_pb_text_inner\"><div id=\"c4412\" class=\"lns-sitepackage frame frame-default frame-type-textmedia layout-0   \">\n<div class=\"0\">\n<h1 class=\"\"><\/h1>\n<\/div>\n<div class=\"clearfix\"><\/div>\n<\/div>\n<div id=\"c4411\" class=\"lns-sitepackage frame frame-default frame-type-textmedia layout-0   \">\n<div class=\"0\">\n<div class=\"lns-sitepackage ce-textmedia ce-textpic ce-center ce-above\">\n<div class=\"ce-bodytext\">\n<div class=\"lns-sitepackage ce-textmedia ce-textpic ce-right ce-intext\">\n<div class=\"ce-bodytext\">\n<div class=\"ce-intext ce-right ce-textpic\">\n<div class=\"ce-bodytext\">\n<p>Wir (Bons IT GmbH) als Websitebetreiber sind bem\u00fcht, die Website in Einklang mit den einschl\u00e4gigen Vorschriften zur Barrierefreiheit zu gestalten. F\u00fcr uns gelten folgende Rechtsvorschriften:<\/p>\n<p>Gesetz des Landes Nordrhein-Westfalen zur Gleichstellung von Menschen mit Behinderung (Behindertengleichstellungsgesetz Nordrhein-Westfalen - BGG NRW) und Barrierefreie- Informationstechnik-Verordnung Nordrhein-Westfalen (BITVNRW).<\/p>\n<h2>Website<\/h2>\n<p>Diese Erkl\u00e4rung zur Barrierefreiheit gilt f\u00fcr die Website<span>\u00a0<\/span><a href=\"https:\/\/www.schaffrath.de\/druckerei\" target=\"_blank\" rel=\"noopener\">https:\/\/www.bons-it.de<\/a>.<\/p>\n<h2>Feedback und Kontaktangaben<\/h2>\n<p>Sind Ihnen M\u00e4ngel beim barrierefreien Zugang zu Inhalten auf unserer Website aufgefallen oder haben Sie Anmerkungen sowie Fragen zum barrierefreien Zugang? Melden Sie sich gerne bei uns unter:<\/p>\n<p>Bons IT GmbH<br \/>Friedensstra\u00dfe 1<br \/><span style=\"font-size: 14px;\">47647 Kerken<br \/><\/span>E-Mail:<span>\u00a0<\/span><a href=\"https:\/\/www.schaffrath.de\/druckerei\/erklaerung-zur-barrierefreiheit#\" data-mailto-token=\"jxfiql7fkclXpzexccoxqe:afdfqxi+ab\" data-mailto-vector=\"-3\">info@bons-it.de<\/a><\/p>\n<p>Fon: 0 28 33 \/ 5779110<\/p>\n<p><span style=\"font-size: 26px;\">Stand der Vereinbarkeit mit den Anforderungen<\/span><\/p>\n<p>Diese Website ist vollst\u00e4ndig mit den f\u00fcr uns geltenden Vorschriften zur Barrierefreiheit vereinbar.<\/p>\n<h3>Evaluationsmethode<\/h3>\n<p>Eigenst\u00e4ndig durchgef\u00fchrte Evaluation durch entsprechende Expert\/innen<\/p>\n<h2>Weitergehende Ma\u00dfnahmen zur Verbesserung des barrierefreien Zugangs zu unserer Website<\/h2>\n<p>Wir bem\u00fchen uns stets um die Verbesserung der barrierefreien Zugangsm\u00f6glichkeiten zu unserer Website.<\/p>\n<p>Derzeit tun wir hierzu Folgendes:<\/p>\n<p>Wir sind bestrebt, den Zugang zu unseren digitalen Angeboten f\u00fcr jede:n zu erm\u00f6glichen. Aus diesem Grund wurde sowohl aus technischer Sicht, als auch gestalterischer Sicht gr\u00f6\u00dfter Wert auf einen barrierearmen Zugang gelegt.<\/p>\n<h2>Durchsetzungsverfahren<\/h2>\n<p>Sollten Sie der Ansicht sein, dass Sie durch eine nicht ausreichende barrierefreie Gestaltung unserer Website benachteiligt sind, k\u00f6nnen Sie sich an die zust\u00e4ndige Durchsetzungsstelle wenden. Diese erreichen Sie unter:<\/p>\n<p>Ombudsstelle f\u00fcr barrierefreie Informationstechnik des Landes Nordrhein-Westfalen bei der Landesbeauftragten f\u00fcr Menschen mit Behinderungen<br \/>F\u00fcrstenwall 25<br \/>40219 D\u00fcsseldorf<br \/><a href=\"https:\/\/www.schaffrath.de\/druckerei\/erklaerung-zur-barrierefreiheit#\" data-mailto-token=\"jxfiql7ljyrappqbiib:yxoofbobcobfb:fqXjxdp+kot+ab\" data-mailto-vector=\"-3\">ombudsstelle-barrierefreie-it@mags.nrw.de<\/a><\/p>\n<h2>Erstellung dieser Erkl\u00e4rung zur Barrierefreiheit<\/h2>\n<p>Diese Erkl\u00e4rung wurde am 01.04.2024 erstellt.<br \/>Die Erkl\u00e4rung wurde zuletzt am 01.04.2024 \u00fcberpr\u00fcft.<\/p>\n<p><span class=\"text-small\">Quelle:<span>\u00a0<\/span><\/span><a href=\"https:\/\/www.e-recht24.de\/\" target=\"_blank\" rel=\"noopener noreferrer\" class=\"external\" title=\"Im neuen Fenster\"><span class=\"text-small\">https:\/\/www.e-recht24.de<\/span><\/a><\/p>\n<\/div>\n<\/div>\n<\/div>\n<\/div>\n<\/div>\n<\/div>\n<\/div>\n<\/div><\/div>\n\t\t\t<\/div>\n\t\t\t<\/div>\n\t\t\t\t\n\t\t\t\t\n\t\t\t\t\n\t\t\t\t\n\t\t\t<\/div>\n\t\t\t\t\n\t\t\t\t\n\t\t\t<\/div><div class=\"et_d4_element et_pb_section et_pb_section_2 et_pb_with_background et_pb_section_parallax  et_pb_css_mix_blend_mode et_section_regular section_has_divider et_pb_bottom_divider et_block_section\" >\n\t\t\t\t\n\t\t\t\t\n\t\t\t\t\n\t\t\t\t\n\t\t\t\t\n\t\t\t\t\n\t\t\t\t<div class=\"et_d4_element et_pb_row et_pb_row_1  et_pb_css_mix_blend_mode et_block_row\">\n\t\t\t\t<div class=\"et_d4_element et_pb_column_4_4 et_pb_column et_pb_column_1  et_pb_css_mix_blend_mode et-last-child et_block_column\">\n\t\t\t\t\n\t\t\t\t\n\t\t\t\t\n\t\t\t\t\n\t\t\t\t<div class=\"et_pb_module et_d4_element et_pb_text et_pb_text_2  et_pb_text_align_left et_pb_bg_layout_light\">\n\t\t\t\t\n\t\t\t\t\n\t\t\t\t\n\t\t\t\t\n\t\t\t\t<div class=\"et_pb_text_inner\"><h2 style=\"text-align: center;\"><strong><span style=\"color: #ffffff;\">Brauchen Sie Hilfe? Kontaktieren Sie unseren Support!<\/span><\/strong><\/h2><\/div>\n\t\t\t<\/div><div class=\"et_pb_button_module_wrapper et_pb_button_0_wrapper et_pb_button_alignment_center et_pb_module \">\n\t\t\t\t<a class=\"et_pb_button et_d4_element et_pb_button_0 et_pb_bg_layout_dark et_block_module\" href=\"https:\/\/bons-it.de\/?page_id=39\">Support Kontaktieren<\/a>\n\t\t\t<\/div>\n\t\t\t<\/div>\n\t\t\t\t\n\t\t\t\t\n\t\t\t\t\n\t\t\t\t\n\t\t\t<\/div>\n\t\t\t\t\n\t\t\t\t<div class=\"et_pb_bottom_inside_divider et-no-transition\"><\/div>\n\t\t\t<\/div><\/p>\n","protected":false},"excerpt":{"rendered":"","protected":false},"author":1,"featured_media":0,"parent":0,"menu_order":0,"comment_status":"closed","ping_status":"closed","template":"","meta":{"_et_pb_use_builder":"on","_et_pb_old_content":"","_et_gb_content_width":"","footnotes":""},"class_list":["post-614","page","type-page","status-publish","hentry"],"_links":{"self":[{"href":"https:\/\/bons-it.de\/index.php?rest_route=\/wp\/v2\/pages\/614","targetHints":{"allow":["GET"]}}],"collection":[{"href":"https:\/\/bons-it.de\/index.php?rest_route=\/wp\/v2\/pages"}],"about":[{"href":"https:\/\/bons-it.de\/index.php?rest_route=\/wp\/v2\/types\/page"}],"author":[{"embeddable":true,"href":"https:\/\/bons-it.de\/index.php?rest_route=\/wp\/v2\/users\/1"}],"replies":[{"embeddable":true,"href":"https:\/\/bons-it.de\/index.php?rest_route=%2Fwp%2Fv2%2Fcomments&post=614"}],"version-history":[{"count":4,"href":"https:\/\/bons-it.de\/index.php?rest_route=\/wp\/v2\/pages\/614\/revisions"}],"predecessor-version":[{"id":784,"href":"https:\/\/bons-it.de\/index.php?rest_route=\/wp\/v2\/pages\/614\/revisions\/784"}],"wp:attachment":[{"href":"https:\/\/bons-it.de\/index.php?rest_route=%2Fwp%2Fv2%2Fmedia&parent=614"}],"curies":[{"name":"wp","href":"https:\/\/api.w.org\/{rel}","templated":true}]}}